{"id":3184,"date":"2022-07-12T14:59:13","date_gmt":"2022-07-12T18:59:13","guid":{"rendered":"https:\/\/wallemi.com\/contact\/"},"modified":"2022-10-12T12:48:10","modified_gmt":"2022-10-12T16:48:10","slug":"nous-joindre","status":"publish","type":"page","link":"https:\/\/wallemi.com\/fr\/nous-joindre\/","title":{"rendered":"Nous joindre"},"content":{"rendered":"","protected":false},"excerpt":{"rendered":"","protected":false},"author":1,"featured_media":0,"parent":0,"menu_order":5,"comment_status":"closed","ping_status":"closed","template":"templates\/contact.php","meta":{"_acf_changed":false,"_seopress_robots_primary_cat":"","_seopress_titles_title":"Contactez un designer de murs v\u00e9g\u00e9taux - Wallemi","_seopress_titles_desc":"Les murs v\u00e9g\u00e9taux sont le moyen id\u00e9al d&#039;ajouter de la vie et de la couleur \u00e0 n&#039;importe quel espace. Contactez Wallemi pour la conception d&#039;un mur v\u00e9g\u00e9tal.","_seopress_robots_index":"","inline_featured_image":false,"footnotes":""},"class_list":["post-3184","page","type-page","status-publish","hentry"],"acf":[],"_links":{"self":[{"href":"https:\/\/wallemi.com\/fr\/wp-json\/wp\/v2\/pages\/3184","targetHints":{"allow":["GET"]}}],"collection":[{"href":"https:\/\/wallemi.com\/fr\/wp-json\/wp\/v2\/pages"}],"about":[{"href":"https:\/\/wallemi.com\/fr\/wp-json\/wp\/v2\/types\/page"}],"author":[{"embeddable":true,"href":"https:\/\/wallemi.com\/fr\/wp-json\/wp\/v2\/users\/1"}],"replies":[{"embeddable":true,"href":"https:\/\/wallemi.com\/fr\/wp-json\/wp\/v2\/comments?post=3184"}],"version-history":[{"count":8,"href":"https:\/\/wallemi.com\/fr\/wp-json\/wp\/v2\/pages\/3184\/revisions"}],"predecessor-version":[{"id":3562,"href":"https:\/\/wallemi.com\/fr\/wp-json\/wp\/v2\/pages\/3184\/revisions\/3562"}],"wp:attachment":[{"href":"https:\/\/wallemi.com\/fr\/wp-json\/wp\/v2\/media?parent=3184"}],"curies":[{"name":"wp","href":"https:\/\/api.w.org\/{rel}","templated":true}]}}