{"id":3183,"date":"2022-07-12T14:59:13","date_gmt":"2022-07-12T18:59:13","guid":{"rendered":"https:\/\/wallemi.com\/projects\/"},"modified":"2022-10-12T12:44:11","modified_gmt":"2022-10-12T16:44:11","slug":"nos-projets","status":"publish","type":"page","link":"https:\/\/wallemi.com\/fr\/nos-projets\/","title":{"rendered":"Nos projets"},"content":{"rendered":"","protected":false},"excerpt":{"rendered":"","protected":false},"author":1,"featured_media":0,"parent":0,"menu_order":4,"comment_status":"closed","ping_status":"closed","template":"templates\/projects.php","meta":{"_acf_changed":false,"_seopress_robots_primary_cat":"","_seopress_titles_title":"Projets et id\u00e9es de murs r\u00e9alis\u00e9s | Montr\u00e9al, portugal et plus!","_seopress_titles_desc":" Projets et id\u00e9es de murs r\u00e9alis\u00e9s. Une collection de projets de murs modernes inspirants pour la maison, les espaces commerciaux ou publics. D\u00e9couvrez nous!","_seopress_robots_index":"","inline_featured_image":false,"footnotes":""},"class_list":["post-3183","page","type-page","status-publish","hentry"],"acf":[],"_links":{"self":[{"href":"https:\/\/wallemi.com\/fr\/wp-json\/wp\/v2\/pages\/3183","targetHints":{"allow":["GET"]}}],"collection":[{"href":"https:\/\/wallemi.com\/fr\/wp-json\/wp\/v2\/pages"}],"about":[{"href":"https:\/\/wallemi.com\/fr\/wp-json\/wp\/v2\/types\/page"}],"author":[{"embeddable":true,"href":"https:\/\/wallemi.com\/fr\/wp-json\/wp\/v2\/users\/1"}],"replies":[{"embeddable":true,"href":"https:\/\/wallemi.com\/fr\/wp-json\/wp\/v2\/comments?post=3183"}],"version-history":[{"count":1,"href":"https:\/\/wallemi.com\/fr\/wp-json\/wp\/v2\/pages\/3183\/revisions"}],"predecessor-version":[{"id":3433,"href":"https:\/\/wallemi.com\/fr\/wp-json\/wp\/v2\/pages\/3183\/revisions\/3433"}],"wp:attachment":[{"href":"https:\/\/wallemi.com\/fr\/wp-json\/wp\/v2\/media?parent=3183"}],"curies":[{"name":"wp","href":"https:\/\/api.w.org\/{rel}","templated":true}]}}