{"id":3182,"date":"2022-07-12T14:59:13","date_gmt":"2022-07-12T18:59:13","guid":{"rendered":"https:\/\/wallemi.com\/inspiration\/"},"modified":"2022-10-12T12:56:43","modified_gmt":"2022-10-12T16:56:43","slug":"inspiration","status":"publish","type":"page","link":"https:\/\/wallemi.com\/fr\/inspiration\/","title":{"rendered":"Id\u00e9es de mur v\u00e9g\u00e9tal"},"content":{"rendered":"","protected":false},"excerpt":{"rendered":"","protected":false},"author":1,"featured_media":0,"parent":0,"menu_order":3,"comment_status":"closed","ping_status":"closed","template":"templates\/inspiration.php","meta":{"_acf_changed":false,"_seopress_robots_primary_cat":"","_seopress_titles_title":"Nos id\u00e9es de design et conception de murs v\u00e9g\u00e9taux - Wallemi","_seopress_titles_desc":"Besoins d&#039;id\u00e9es de murs v\u00e9g\u00e9taux? D\u00e9couvrez nos inspirations de murs v\u00e9g\u00e9taux sur notre site Web d\u00e8s aujourd&#039;hui. Contactez-nous pour plus d&#039;informations !","_seopress_robots_index":"","inline_featured_image":false,"footnotes":""},"class_list":["post-3182","page","type-page","status-publish","hentry"],"acf":[],"_links":{"self":[{"href":"https:\/\/wallemi.com\/fr\/wp-json\/wp\/v2\/pages\/3182","targetHints":{"allow":["GET"]}}],"collection":[{"href":"https:\/\/wallemi.com\/fr\/wp-json\/wp\/v2\/pages"}],"about":[{"href":"https:\/\/wallemi.com\/fr\/wp-json\/wp\/v2\/types\/page"}],"author":[{"embeddable":true,"href":"https:\/\/wallemi.com\/fr\/wp-json\/wp\/v2\/users\/1"}],"replies":[{"embeddable":true,"href":"https:\/\/wallemi.com\/fr\/wp-json\/wp\/v2\/comments?post=3182"}],"version-history":[{"count":8,"href":"https:\/\/wallemi.com\/fr\/wp-json\/wp\/v2\/pages\/3182\/revisions"}],"predecessor-version":[{"id":3626,"href":"https:\/\/wallemi.com\/fr\/wp-json\/wp\/v2\/pages\/3182\/revisions\/3626"}],"wp:attachment":[{"href":"https:\/\/wallemi.com\/fr\/wp-json\/wp\/v2\/media?parent=3182"}],"curies":[{"name":"wp","href":"https:\/\/api.w.org\/{rel}","templated":true}]}}