{"id":3181,"date":"2022-07-12T14:59:13","date_gmt":"2022-07-12T18:59:13","guid":{"rendered":"https:\/\/wallemi.com\/green\/"},"modified":"2022-10-12T16:31:49","modified_gmt":"2022-10-12T20:31:49","slug":"design-biophilique","status":"publish","type":"page","link":"https:\/\/wallemi.com\/fr\/design-biophilique\/","title":{"rendered":"Design biophilique"},"content":{"rendered":"","protected":false},"excerpt":{"rendered":"","protected":false},"author":1,"featured_media":0,"parent":0,"menu_order":2,"comment_status":"closed","ping_status":"closed","template":"templates\/green.php","meta":{"_acf_changed":false,"_seopress_robots_primary_cat":"","_seopress_titles_title":"Qu&#039;est-ce que le design biophilique? - Mur V\u00e9g\u00e9tal Wallemi","_seopress_titles_desc":"Wallemi est une entreprise aide \u00e0 connecter les gens avec la nature, favorisant ainsi une meilleure sant\u00e9 et un plus grand bien-\u00eatre avec leurs murs v\u00e9g\u00e9taux.","_seopress_robots_index":"","inline_featured_image":false,"footnotes":""},"class_list":["post-3181","page","type-page","status-publish","hentry"],"acf":[],"_links":{"self":[{"href":"https:\/\/wallemi.com\/fr\/wp-json\/wp\/v2\/pages\/3181","targetHints":{"allow":["GET"]}}],"collection":[{"href":"https:\/\/wallemi.com\/fr\/wp-json\/wp\/v2\/pages"}],"about":[{"href":"https:\/\/wallemi.com\/fr\/wp-json\/wp\/v2\/types\/page"}],"author":[{"embeddable":true,"href":"https:\/\/wallemi.com\/fr\/wp-json\/wp\/v2\/users\/1"}],"replies":[{"embeddable":true,"href":"https:\/\/wallemi.com\/fr\/wp-json\/wp\/v2\/comments?post=3181"}],"version-history":[{"count":6,"href":"https:\/\/wallemi.com\/fr\/wp-json\/wp\/v2\/pages\/3181\/revisions"}],"predecessor-version":[{"id":3631,"href":"https:\/\/wallemi.com\/fr\/wp-json\/wp\/v2\/pages\/3181\/revisions\/3631"}],"wp:attachment":[{"href":"https:\/\/wallemi.com\/fr\/wp-json\/wp\/v2\/media?parent=3181"}],"curies":[{"name":"wp","href":"https:\/\/api.w.org\/{rel}","templated":true}]}}