{"id":3179,"date":"2022-07-12T14:59:13","date_gmt":"2022-07-12T18:59:13","guid":{"rendered":"https:\/\/wallemi.com\/about\/"},"modified":"2022-10-12T12:01:43","modified_gmt":"2022-10-12T16:01:43","slug":"a-propos","status":"publish","type":"page","link":"https:\/\/wallemi.com\/fr\/a-propos\/","title":{"rendered":"\u00c0 propos"},"content":{"rendered":"","protected":false},"excerpt":{"rendered":"","protected":false},"author":1,"featured_media":0,"parent":0,"menu_order":2,"comment_status":"closed","ping_status":"closed","template":"templates\/about.php","meta":{"_acf_changed":false,"_seopress_robots_primary_cat":"","_seopress_titles_title":"Conception, installation et entretien de murs verts - Wallemi","_seopress_titles_desc":"Murs Verts? Nous ne sommes pas une entreprise de murs v\u00e9g\u00e9taux ordinaire. Nos conceptions cr\u00e9atives sont parfaites pour tout type de b\u00e2timent et de bureaux!","_seopress_robots_index":"","inline_featured_image":false,"footnotes":""},"class_list":["post-3179","page","type-page","status-publish","hentry"],"acf":[],"_links":{"self":[{"href":"https:\/\/wallemi.com\/fr\/wp-json\/wp\/v2\/pages\/3179","targetHints":{"allow":["GET"]}}],"collection":[{"href":"https:\/\/wallemi.com\/fr\/wp-json\/wp\/v2\/pages"}],"about":[{"href":"https:\/\/wallemi.com\/fr\/wp-json\/wp\/v2\/types\/page"}],"author":[{"embeddable":true,"href":"https:\/\/wallemi.com\/fr\/wp-json\/wp\/v2\/users\/1"}],"replies":[{"embeddable":true,"href":"https:\/\/wallemi.com\/fr\/wp-json\/wp\/v2\/comments?post=3179"}],"version-history":[{"count":3,"href":"https:\/\/wallemi.com\/fr\/wp-json\/wp\/v2\/pages\/3179\/revisions"}],"predecessor-version":[{"id":3496,"href":"https:\/\/wallemi.com\/fr\/wp-json\/wp\/v2\/pages\/3179\/revisions\/3496"}],"wp:attachment":[{"href":"https:\/\/wallemi.com\/fr\/wp-json\/wp\/v2\/media?parent=3179"}],"curies":[{"name":"wp","href":"https:\/\/api.w.org\/{rel}","templated":true}]}}