{"id":3178,"date":"2022-07-12T15:03:33","date_gmt":"2022-07-12T19:03:33","guid":{"rendered":"https:\/\/wallemi.com\/home\/"},"modified":"2022-11-18T10:48:35","modified_gmt":"2022-11-18T15:48:35","slug":"home","status":"publish","type":"page","link":"https:\/\/wallemi.com\/fr\/","title":{"rendered":"Accueil"},"content":{"rendered":"","protected":false},"excerpt":{"rendered":"","protected":false},"author":1,"featured_media":0,"parent":0,"menu_order":1,"comment_status":"closed","ping_status":"closed","template":"templates\/home.php","meta":{"_acf_changed":false,"_seopress_robots_primary_cat":"","_seopress_titles_title":"Mur v\u00e9g\u00e9tal int\u00e9rieur &amp; ext\u00e9rieur | Wallemi Murs V\u00e9g\u00e9taux","_seopress_titles_desc":"Wallemi est le meilleur endroit pour trouver votre mur v\u00e9g\u00e9tal de qualit\u00e9 sup\u00e9rieure. Nous avons un large \u00e9ventail d&#039;options parmi lesquelles choisir. ","_seopress_robots_index":"","inline_featured_image":false,"footnotes":""},"class_list":["post-3178","page","type-page","status-publish","hentry"],"acf":[],"_links":{"self":[{"href":"https:\/\/wallemi.com\/fr\/wp-json\/wp\/v2\/pages\/3178","targetHints":{"allow":["GET"]}}],"collection":[{"href":"https:\/\/wallemi.com\/fr\/wp-json\/wp\/v2\/pages"}],"about":[{"href":"https:\/\/wallemi.com\/fr\/wp-json\/wp\/v2\/types\/page"}],"author":[{"embeddable":true,"href":"https:\/\/wallemi.com\/fr\/wp-json\/wp\/v2\/users\/1"}],"replies":[{"embeddable":true,"href":"https:\/\/wallemi.com\/fr\/wp-json\/wp\/v2\/comments?post=3178"}],"version-history":[{"count":13,"href":"https:\/\/wallemi.com\/fr\/wp-json\/wp\/v2\/pages\/3178\/revisions"}],"predecessor-version":[{"id":3750,"href":"https:\/\/wallemi.com\/fr\/wp-json\/wp\/v2\/pages\/3178\/revisions\/3750"}],"wp:attachment":[{"href":"https:\/\/wallemi.com\/fr\/wp-json\/wp\/v2\/media?parent=3178"}],"curies":[{"name":"wp","href":"https:\/\/api.w.org\/{rel}","templated":true}]}}